{"id":102,"date":"2019-03-01T10:14:44","date_gmt":"2019-03-01T08:14:44","guid":{"rendered":"https:\/\/urbanistubn.wordpress.com\/?page_id=102"},"modified":"2019-03-01T10:14:44","modified_gmt":"2019-03-01T08:14:44","slug":"feiern","status":"publish","type":"page","link":"http:\/\/www.urbanistubn.at\/wordpress\/feiern\/","title":{"rendered":"Feiern"},"content":{"rendered":"\n<p>Gerne richten wir f\u00fcr Sie Ihre ganz private Feier auch au\u00dferhalb der Heurigen\u00f6ffnungszeiten aus. Im Obergescho\u00df finden bis zu 100 Personen Platz.<\/p>\n\n\n\n<p>Ganz nach Ihren W\u00fcnschen bereiten wir f\u00fcr Sie ein warmes Buffet, ein stimmiges Men\u00fc oder auch Speisen vom Gartengrill zu. <br><br>Kontaktieren Sie uns telefonisch, per Mail oder pers\u00f6nlich beim Heurigen, um Weiteres zu besprechen.<\/p>\n\n\n\n<ul class=\"wp-block-gallery columns-1 is-cropped wp-block-gallery-1 is-layout-flex\"><li class=\"blocks-gallery-item\"><figure><img decoding=\"async\" src=\"http:\/\/www.urbanistubn.at\/wordpress\/wp-content\/uploads\/2019\/02\/dscf6643.jpg?w=748\" alt=\"\" data-id=\"64\" class=\"wp-image-64\" \/><\/figure><\/li><\/ul>\n\n\n\n<p><br><\/p>\n","protected":false},"excerpt":{"rendered":"<p>Gerne richten wir f\u00fcr Sie Ihre ganz private Feier auch au\u00dferhalb der Heurigen\u00f6ffnungszeiten aus. Im Obergescho\u00df finden bis zu 100 Personen Platz. Ganz nach Ihren W\u00fcnschen bereiten wir f\u00fcr Sie ein warmes Buffet, ein stimmiges Men\u00fc oder auch Speisen vom Gartengrill zu. Kontaktieren Sie uns telefonisch, per Mail oder pers\u00f6nlich beim Heurigen, um Weiteres zu besprechen.<\/p>\n","protected":false},"author":1,"featured_media":0,"parent":0,"menu_order":0,"comment_status":"closed","ping_status":"closed","template":"","meta":[],"_links":{"self":[{"href":"http:\/\/www.urbanistubn.at\/wordpress\/wp-json\/wp\/v2\/pages\/102"}],"collection":[{"href":"http:\/\/www.urbanistubn.at\/wordpress\/wp-json\/wp\/v2\/pages"}],"about":[{"href":"http:\/\/www.urbanistubn.at\/wordpress\/wp-json\/wp\/v2\/types\/page"}],"author":[{"embeddable":true,"href":"http:\/\/www.urbanistubn.at\/wordpress\/wp-json\/wp\/v2\/users\/1"}],"replies":[{"embeddable":true,"href":"http:\/\/www.urbanistubn.at\/wordpress\/wp-json\/wp\/v2\/comments?post=102"}],"version-history":[{"count":0,"href":"http:\/\/www.urbanistubn.at\/wordpress\/wp-json\/wp\/v2\/pages\/102\/revisions"}],"wp:attachment":[{"href":"http:\/\/www.urbanistubn.at\/wordpress\/wp-json\/wp\/v2\/media?parent=102"}],"curies":[{"name":"wp","href":"https:\/\/api.w.org\/{rel}","templated":true}]}}