{"id":203,"date":"2021-01-02T21:24:05","date_gmt":"2021-01-02T19:24:05","guid":{"rendered":"https:\/\/urbanistubn.wordpress.com\/?page_id=203"},"modified":"2021-01-02T21:24:05","modified_gmt":"2021-01-02T19:24:05","slug":"bio-schweine","status":"publish","type":"page","link":"http:\/\/www.urbanistubn.at\/wordpress\/bio-schweine\/","title":{"rendered":"Bio-Schweine"},"content":{"rendered":"\n<p>Ein zentraler Punkt unserer Bio-Landwirtschaft, besonders f\u00fcr die Zulieferung hochwertigen Fleisches und von Fleischprodukten.<\/p>\n\n\n\n<p>Auch liefern die Tiere wertvollen und nat\u00fcrlichen D\u00fcnger f\u00fcr unsere Felder.<\/p>\n\n\n\n<p>Im Focus jedoch steht das Wohl der Tiere. Eigene Erfahrungen und Erkenntnisse in der Wissenschaft f\u00fchren zu st\u00e4ndigen Verbesserungen des Lebensraumes unserer Schweine.<br>Damit den Tieren nicht langweilig wird und sie ihre Bed\u00fcrfnisse bestm\u00f6glich ausleben k\u00f6nnen ist ihr Wohnraum vielf\u00e4ltig gegliedert. <\/p>\n\n\n\n<p>Somit ergeben sich folgende Bereiche:<br>      &#8211; Fressbereich: hier erfolgt mehrmals t\u00e4glich die F\u00fctterung<br>      &#8211; Ruhebereich: hier ruhen und schlafen die Tiere im Stroh &#8211; gerne mit K\u00f6rperkontakt &#8211; mit Vorh\u00e4ngen von<br>        der Umwelt etwas abgeschirmt<br>      &#8211; Spielbereich: Heuraufen, Einstreu, Ketten, H\u00f6lzer, S\u00e4gesp\u00e4ne usw. erm\u00f6glichen den Schweinen ihr<br>        nat\u00fcrliches Spiel-, W\u00fchl- und Nahrungssuchbed\u00fcrfnis auszuleben<br>      &#8211; Au\u00dfenbereich: Schweine sind irrsinnig neugierig und freuen sich, wenn zuschauen k\u00f6nnen, was sich am<br>         Bauernhof so tut. Auch genie\u00dfen sie gerne ein Sonnenbad oder Gr\u00fcnfutter auf ihrer Terrasse.<br>      &#8211; Tr\u00e4nken: diese befinden sich im Kotbereich &#8211; der regelm\u00e4\u00dfig abschoben wird &#8211; da Schweine ihr Nest <br>        lieber trocken halten und in Feuchtstellen koten und harnen.<\/p>\n\n\n\n<figure class=\"wp-block-image size-large\"><img decoding=\"async\" loading=\"lazy\" width=\"1490\" height=\"997\" src=\"http:\/\/www.urbanistubn.at\/wordpress\/wp-content\/uploads\/2021\/01\/bio-schwein-an-der-heuraufe.jpg?w=748\" alt=\"Bio-Schwein Rauhfutter Spielzeug\" class=\"wp-image-208\" srcset=\"http:\/\/www.urbanistubn.at\/wordpress\/wp-content\/uploads\/2021\/01\/bio-schwein-an-der-heuraufe.jpg 1490w, http:\/\/www.urbanistubn.at\/wordpress\/wp-content\/uploads\/2021\/01\/bio-schwein-an-der-heuraufe-300x201.jpg 300w, http:\/\/www.urbanistubn.at\/wordpress\/wp-content\/uploads\/2021\/01\/bio-schwein-an-der-heuraufe-1024x685.jpg 1024w, http:\/\/www.urbanistubn.at\/wordpress\/wp-content\/uploads\/2021\/01\/bio-schwein-an-der-heuraufe-768x514.jpg 768w\" sizes=\"(max-width: 1490px) 100vw, 1490px\" \/><\/figure>\n\n\n\n<p><\/p>\n\n\n\n<figure class=\"wp-block-image size-large\"><img decoding=\"async\" src=\"http:\/\/www.urbanistubn.at\/wordpress\/wp-content\/uploads\/2021\/01\/dscf1380-2.jpg?w=748\" alt=\"\" class=\"wp-image-206\" \/><\/figure>\n\n\n\n<figure class=\"wp-block-image size-large\"><img decoding=\"async\" loading=\"lazy\" width=\"1490\" height=\"997\" src=\"http:\/\/www.urbanistubn.at\/wordpress\/wp-content\/uploads\/2021\/01\/bio-schwein-im-strohbett.jpg?w=748\" alt=\"\" class=\"wp-image-211\" srcset=\"http:\/\/www.urbanistubn.at\/wordpress\/wp-content\/uploads\/2021\/01\/bio-schwein-im-strohbett.jpg 1490w, http:\/\/www.urbanistubn.at\/wordpress\/wp-content\/uploads\/2021\/01\/bio-schwein-im-strohbett-300x201.jpg 300w, http:\/\/www.urbanistubn.at\/wordpress\/wp-content\/uploads\/2021\/01\/bio-schwein-im-strohbett-1024x685.jpg 1024w, http:\/\/www.urbanistubn.at\/wordpress\/wp-content\/uploads\/2021\/01\/bio-schwein-im-strohbett-768x514.jpg 768w\" sizes=\"(max-width: 1490px) 100vw, 1490px\" \/><\/figure>\n","protected":false},"excerpt":{"rendered":"<p>Ein zentraler Punkt unserer Bio-Landwirtschaft, besonders f\u00fcr die Zulieferung hochwertigen Fleisches und von Fleischprodukten. Auch liefern die Tiere wertvollen und nat\u00fcrlichen D\u00fcnger f\u00fcr unsere Felder. Im Focus jedoch steht das Wohl der Tiere. Eigene Erfahrungen und Erkenntnisse in der Wissenschaft f\u00fchren zu st\u00e4ndigen Verbesserungen des Lebensraumes unserer Schweine.Damit den Tieren nicht langweilig wird und sie ihre Bed\u00fcrfnisse bestm\u00f6glich ausleben k\u00f6nnen ist ihr Wohnraum vielf\u00e4ltig gegliedert. Somit ergeben sich folgende Bereiche: &#8211; Fressbereich: hier erfolgt mehrmals t\u00e4glich die F\u00fctterung &#8211; Ruhebereich: hier ruhen und schlafen die Tiere im Stroh &#8211; gerne mit K\u00f6rperkontakt &#8211; mit Vorh\u00e4ngen von der Umwelt etwas abgeschirmt &#8211; Spielbereich: Heuraufen, Einstreu, Ketten, H\u00f6lzer, S\u00e4gesp\u00e4ne usw. erm\u00f6glichen den Schweinen ihr nat\u00fcrliches Spiel-, W\u00fchl- und Nahrungssuchbed\u00fcrfnis auszuleben &#8211; Au\u00dfenbereich: Schweine sind irrsinnig neugierig und freuen sich, wenn zuschauen k\u00f6nnen, was sich am Bauernhof so tut. Auch genie\u00dfen sie gerne ein Sonnenbad oder Gr\u00fcnfutter auf ihrer Terrasse. &#8211; Tr\u00e4nken: diese befinden sich im Kotbereich &#8211; der regelm\u00e4\u00dfig abschoben wird &#8211; da Schweine ihr Nest lieber trocken halten und in Feuchtstellen koten und harnen.<\/p>\n","protected":false},"author":1,"featured_media":0,"parent":0,"menu_order":0,"comment_status":"closed","ping_status":"closed","template":"","meta":[],"_links":{"self":[{"href":"http:\/\/www.urbanistubn.at\/wordpress\/wp-json\/wp\/v2\/pages\/203"}],"collection":[{"href":"http:\/\/www.urbanistubn.at\/wordpress\/wp-json\/wp\/v2\/pages"}],"about":[{"href":"http:\/\/www.urbanistubn.at\/wordpress\/wp-json\/wp\/v2\/types\/page"}],"author":[{"embeddable":true,"href":"http:\/\/www.urbanistubn.at\/wordpress\/wp-json\/wp\/v2\/users\/1"}],"replies":[{"embeddable":true,"href":"http:\/\/www.urbanistubn.at\/wordpress\/wp-json\/wp\/v2\/comments?post=203"}],"version-history":[{"count":1,"href":"http:\/\/www.urbanistubn.at\/wordpress\/wp-json\/wp\/v2\/pages\/203\/revisions"}],"predecessor-version":[{"id":213,"href":"http:\/\/www.urbanistubn.at\/wordpress\/wp-json\/wp\/v2\/pages\/203\/revisions\/213"}],"wp:attachment":[{"href":"http:\/\/www.urbanistubn.at\/wordpress\/wp-json\/wp\/v2\/media?parent=203"}],"curies":[{"name":"wp","href":"https:\/\/api.w.org\/{rel}","templated":true}]}}