{"id":78,"date":"2019-02-27T23:22:43","date_gmt":"2019-02-27T21:22:43","guid":{"rendered":"https:\/\/urbanistubn.wordpress.com\/?page_id=78"},"modified":"2021-10-13T11:17:29","modified_gmt":"2021-10-13T09:17:29","slug":"pferde-einstellbetrieb-und-vermietung","status":"publish","type":"page","link":"http:\/\/www.urbanistubn.at\/wordpress\/pferde-einstellbetrieb-und-vermietung\/","title":{"rendered":"Pferde"},"content":{"rendered":"\n<p>Seit 2011 f\u00fchren wir einen kleinen Offenstall mit Einstellbetrieb in Pixendorf.<\/p>\n\n\n\n<p>Nach \u00fcber 30 Jahren Erfahrung in der Gruppen- und Offenstallhaltung haben wir versucht, bei der Planung der Anlage die Bed\u00fcrfnisse von Pferd und Mensch so gut wie m\u00f6glich zu vereinbaren. <br>2012 wurden wir mit einer Pr\u00e4mierung der LAG (Laufstallarbeitsgemeinschaft f\u00fcr artgerechte Pferdehaltung) belohnt.<\/p>\n\n\n\n<p><br><\/p>\n\n\n\n<figure class=\"wp-block-gallery columns-3 is-cropped wp-block-gallery-1 is-layout-flex\"><ul class=\"blocks-gallery-grid\"><li class=\"blocks-gallery-item\"><figure><img decoding=\"async\" loading=\"lazy\" width=\"300\" height=\"225\" src=\"http:\/\/www.urbanistubn.at\/wordpress\/wp-content\/uploads\/2021\/10\/20180425_090941-1-300x225.jpg\" alt=\"\" data-id=\"397\" data-link=\"http:\/\/www.urbanistubn.at\/wordpress\/pferde-einstellbetrieb-und-vermietung\/20180425_090941-1\/\" class=\"wp-image-397\" srcset=\"http:\/\/www.urbanistubn.at\/wordpress\/wp-content\/uploads\/2021\/10\/20180425_090941-1-300x225.jpg 300w, http:\/\/www.urbanistubn.at\/wordpress\/wp-content\/uploads\/2021\/10\/20180425_090941-1-1024x768.jpg 1024w, http:\/\/www.urbanistubn.at\/wordpress\/wp-content\/uploads\/2021\/10\/20180425_090941-1-768x576.jpg 768w, http:\/\/www.urbanistubn.at\/wordpress\/wp-content\/uploads\/2021\/10\/20180425_090941-1-1536x1152.jpg 1536w, http:\/\/www.urbanistubn.at\/wordpress\/wp-content\/uploads\/2021\/10\/20180425_090941-1-2048x1536.jpg 2048w, http:\/\/www.urbanistubn.at\/wordpress\/wp-content\/uploads\/2021\/10\/20180425_090941-1-1140x855.jpg 1140w\" sizes=\"(max-width: 300px) 100vw, 300px\" \/><\/figure><\/li><li class=\"blocks-gallery-item\"><figure><img decoding=\"async\" loading=\"lazy\" width=\"300\" height=\"224\" src=\"http:\/\/www.urbanistubn.at\/wordpress\/wp-content\/uploads\/2021\/10\/Foto.Regenbogen.1-300x224.jpg\" alt=\"\" data-id=\"399\" data-link=\"http:\/\/www.urbanistubn.at\/wordpress\/pferde-einstellbetrieb-und-vermietung\/foto-regenbogen-1\/\" class=\"wp-image-399\" srcset=\"http:\/\/www.urbanistubn.at\/wordpress\/wp-content\/uploads\/2021\/10\/Foto.Regenbogen.1-300x224.jpg 300w, http:\/\/www.urbanistubn.at\/wordpress\/wp-content\/uploads\/2021\/10\/Foto.Regenbogen.1-1024x765.jpg 1024w, http:\/\/www.urbanistubn.at\/wordpress\/wp-content\/uploads\/2021\/10\/Foto.Regenbogen.1-768x574.jpg 768w, http:\/\/www.urbanistubn.at\/wordpress\/wp-content\/uploads\/2021\/10\/Foto.Regenbogen.1-1140x851.jpg 1140w, http:\/\/www.urbanistubn.at\/wordpress\/wp-content\/uploads\/2021\/10\/Foto.Regenbogen.1.jpg 1280w\" sizes=\"(max-width: 300px) 100vw, 300px\" \/><\/figure><\/li><li class=\"blocks-gallery-item\"><figure><img decoding=\"async\" loading=\"lazy\" width=\"300\" height=\"201\" src=\"http:\/\/www.urbanistubn.at\/wordpress\/wp-content\/uploads\/2021\/10\/1.-Futterraufe.web_-300x201.jpg\" alt=\"\" data-id=\"400\" data-full-url=\"http:\/\/www.urbanistubn.at\/wordpress\/wp-content\/uploads\/2021\/10\/1.-Futterraufe.web_.jpg\" data-link=\"http:\/\/www.urbanistubn.at\/wordpress\/pferde-einstellbetrieb-und-vermietung\/1-futterraufe-web_\/\" class=\"wp-image-400\" srcset=\"http:\/\/www.urbanistubn.at\/wordpress\/wp-content\/uploads\/2021\/10\/1.-Futterraufe.web_-300x201.jpg 300w, http:\/\/www.urbanistubn.at\/wordpress\/wp-content\/uploads\/2021\/10\/1.-Futterraufe.web_-1024x685.jpg 1024w, http:\/\/www.urbanistubn.at\/wordpress\/wp-content\/uploads\/2021\/10\/1.-Futterraufe.web_-768x514.jpg 768w, http:\/\/www.urbanistubn.at\/wordpress\/wp-content\/uploads\/2021\/10\/1.-Futterraufe.web_.jpg 1064w\" sizes=\"(max-width: 300px) 100vw, 300px\" \/><\/figure><\/li><\/ul><\/figure>\n\n\n\n<p><br><\/p>\n","protected":false},"excerpt":{"rendered":"<p>Seit 2011 f\u00fchren wir einen kleinen Offenstall mit Einstellbetrieb in Pixendorf. Nach \u00fcber 30 Jahren Erfahrung in der Gruppen- und Offenstallhaltung haben wir versucht, bei der Planung der Anlage die Bed\u00fcrfnisse von Pferd und Mensch so gut wie m\u00f6glich zu vereinbaren. 2012 wurden wir mit einer Pr\u00e4mierung der LAG (Laufstallarbeitsgemeinschaft f\u00fcr artgerechte Pferdehaltung) belohnt.<\/p>\n","protected":false},"author":1,"featured_media":0,"parent":0,"menu_order":0,"comment_status":"closed","ping_status":"closed","template":"","meta":[],"_links":{"self":[{"href":"http:\/\/www.urbanistubn.at\/wordpress\/wp-json\/wp\/v2\/pages\/78"}],"collection":[{"href":"http:\/\/www.urbanistubn.at\/wordpress\/wp-json\/wp\/v2\/pages"}],"about":[{"href":"http:\/\/www.urbanistubn.at\/wordpress\/wp-json\/wp\/v2\/types\/page"}],"author":[{"embeddable":true,"href":"http:\/\/www.urbanistubn.at\/wordpress\/wp-json\/wp\/v2\/users\/1"}],"replies":[{"embeddable":true,"href":"http:\/\/www.urbanistubn.at\/wordpress\/wp-json\/wp\/v2\/comments?post=78"}],"version-history":[{"count":2,"href":"http:\/\/www.urbanistubn.at\/wordpress\/wp-json\/wp\/v2\/pages\/78\/revisions"}],"predecessor-version":[{"id":401,"href":"http:\/\/www.urbanistubn.at\/wordpress\/wp-json\/wp\/v2\/pages\/78\/revisions\/401"}],"wp:attachment":[{"href":"http:\/\/www.urbanistubn.at\/wordpress\/wp-json\/wp\/v2\/media?parent=78"}],"curies":[{"name":"wp","href":"https:\/\/api.w.org\/{rel}","templated":true}]}}