{"id":79,"date":"2019-02-27T23:21:57","date_gmt":"2019-02-27T21:21:57","guid":{"rendered":"https:\/\/urbanistubn.wordpress.com\/?page_id=79"},"modified":"2024-07-06T16:32:07","modified_gmt":"2024-07-06T14:32:07","slug":"bio-marillen-aus-der-wachau","status":"publish","type":"page","link":"http:\/\/www.urbanistubn.at\/wordpress\/bio-marillen-aus-der-wachau\/","title":{"rendered":"Bio-Marillen                            aus der Wachau"},"content":{"rendered":"\n<div class=\"wp-block-media-text alignwide is-stacked-on-mobile is-style-default\"><figure class=\"wp-block-media-text__media\"><img decoding=\"async\" loading=\"lazy\" width=\"300\" height=\"169\" src=\"http:\/\/www.urbanistubn.at\/wordpress\/wp-content\/uploads\/2023\/03\/Bluete-300x169.jpg\" alt=\"Bl\u00fcte bio-Marille\" class=\"wp-image-587 size-full\" srcset=\"http:\/\/www.urbanistubn.at\/wordpress\/wp-content\/uploads\/2023\/03\/Bluete-300x169.jpg 300w, http:\/\/www.urbanistubn.at\/wordpress\/wp-content\/uploads\/2023\/03\/Bluete-1024x576.jpg 1024w, http:\/\/www.urbanistubn.at\/wordpress\/wp-content\/uploads\/2023\/03\/Bluete-768x432.jpg 768w, http:\/\/www.urbanistubn.at\/wordpress\/wp-content\/uploads\/2023\/03\/Bluete-1536x864.jpg 1536w, http:\/\/www.urbanistubn.at\/wordpress\/wp-content\/uploads\/2023\/03\/Bluete-2048x1152.jpg 2048w, http:\/\/www.urbanistubn.at\/wordpress\/wp-content\/uploads\/2023\/03\/Bluete-1140x641.jpg 1140w\" sizes=\"(max-width: 300px) 100vw, 300px\" \/><\/figure><div class=\"wp-block-media-text__content\">\n<p>Marillenbl\u00fcte vor dem Frost<\/p>\n<\/div><\/div>\n\n\n\n<p>Leider hat auch dieses Jahr der Frost die Bl\u00fcte vernichtet. <br>Die milden Winter bringen die Vegetation schon sehr fr\u00fch im Jahr in Bereitschaft, die darauffolgenden Frostn\u00e4chte k\u00f6nnen zu totalen Ernteausf\u00e4llen f\u00fchren.<br>Wir hoffen sehr, dass wir n\u00e4chstes Jahr wieder Marillen zum Verkauf anbieten k\u00f6nnen.<\/p>\n\n\n\n<figure class=\"wp-block-image size-large is-resized\"><img decoding=\"async\" loading=\"lazy\" src=\"http:\/\/www.urbanistubn.at\/wordpress\/wp-content\/uploads\/2022\/06\/Marillengarten.Biomarille.Wachau-1024x768.jpg\" alt=\"\" class=\"wp-image-487\" width=\"512\" height=\"384\" srcset=\"http:\/\/www.urbanistubn.at\/wordpress\/wp-content\/uploads\/2022\/06\/Marillengarten.Biomarille.Wachau-1024x768.jpg 1024w, http:\/\/www.urbanistubn.at\/wordpress\/wp-content\/uploads\/2022\/06\/Marillengarten.Biomarille.Wachau-300x225.jpg 300w, http:\/\/www.urbanistubn.at\/wordpress\/wp-content\/uploads\/2022\/06\/Marillengarten.Biomarille.Wachau-768x576.jpg 768w, http:\/\/www.urbanistubn.at\/wordpress\/wp-content\/uploads\/2022\/06\/Marillengarten.Biomarille.Wachau-1536x1152.jpg 1536w, http:\/\/www.urbanistubn.at\/wordpress\/wp-content\/uploads\/2022\/06\/Marillengarten.Biomarille.Wachau-2048x1536.jpg 2048w, http:\/\/www.urbanistubn.at\/wordpress\/wp-content\/uploads\/2022\/06\/Marillengarten.Biomarille.Wachau-1140x855.jpg 1140w\" sizes=\"(max-width: 512px) 100vw, 512px\" \/><figcaption class=\"wp-element-caption\">Bio-Marillengarten in Rohrendorf bei Krems<\/figcaption><\/figure>\n\n\n\n<p><\/p>\n\n\n\n<p>Unsere saftigen Marillen gedeihen am Tor zur Wachau in Rohrendorf bei Krems. <\/p>\n\n\n\n<p>Schon die Gro\u00dfeltern verzichteten auf jeglichen Pestizid- und Herbizideinsatz. Seit 2010 sind die Marilleng\u00e4rten nun gepr\u00fcft biologisch bewirtschaftete Fl\u00e4chen.<\/p>\n\n\n\n<p>Wir bieten an:<\/p>\n\n\n\n<ul>\n<li>frische Fr\u00fcchte ab Hof<\/li>\n\n\n\n<li>Fruchtaufstrich<\/li>\n\n\n\n<li>Marillennektar<\/li>\n\n\n\n<li>Marillenmus tiefgefroren<\/li>\n<\/ul>\n\n\n\n<p>\nKontaktieren Sie uns am besten telefonisch unter: 0664\/586 55 97\n\n<\/p>\n","protected":false},"excerpt":{"rendered":"<p>Marillenbl\u00fcte vor dem Frost Leider hat auch dieses Jahr der Frost die Bl\u00fcte vernichtet. Die milden Winter bringen die Vegetation schon sehr fr\u00fch im Jahr in Bereitschaft, die darauffolgenden Frostn\u00e4chte k\u00f6nnen zu totalen Ernteausf\u00e4llen f\u00fchren.Wir hoffen sehr, dass wir n\u00e4chstes Jahr wieder Marillen zum Verkauf anbieten k\u00f6nnen. Unsere saftigen Marillen gedeihen am Tor zur Wachau in Rohrendorf bei Krems. Schon die Gro\u00dfeltern verzichteten auf jeglichen Pestizid- und Herbizideinsatz. Seit 2010 sind die Marilleng\u00e4rten nun gepr\u00fcft biologisch bewirtschaftete Fl\u00e4chen. Wir bieten an: Kontaktieren Sie uns am besten telefonisch unter: 0664\/586 55 97<\/p>\n","protected":false},"author":1,"featured_media":0,"parent":0,"menu_order":0,"comment_status":"closed","ping_status":"closed","template":"","meta":[],"_links":{"self":[{"href":"http:\/\/www.urbanistubn.at\/wordpress\/wp-json\/wp\/v2\/pages\/79"}],"collection":[{"href":"http:\/\/www.urbanistubn.at\/wordpress\/wp-json\/wp\/v2\/pages"}],"about":[{"href":"http:\/\/www.urbanistubn.at\/wordpress\/wp-json\/wp\/v2\/types\/page"}],"author":[{"embeddable":true,"href":"http:\/\/www.urbanistubn.at\/wordpress\/wp-json\/wp\/v2\/users\/1"}],"replies":[{"embeddable":true,"href":"http:\/\/www.urbanistubn.at\/wordpress\/wp-json\/wp\/v2\/comments?post=79"}],"version-history":[{"count":4,"href":"http:\/\/www.urbanistubn.at\/wordpress\/wp-json\/wp\/v2\/pages\/79\/revisions"}],"predecessor-version":[{"id":763,"href":"http:\/\/www.urbanistubn.at\/wordpress\/wp-json\/wp\/v2\/pages\/79\/revisions\/763"}],"wp:attachment":[{"href":"http:\/\/www.urbanistubn.at\/wordpress\/wp-json\/wp\/v2\/media?parent=79"}],"curies":[{"name":"wp","href":"https:\/\/api.w.org\/{rel}","templated":true}]}}