{"id":93,"date":"2019-02-28T21:52:54","date_gmt":"2019-02-28T19:52:54","guid":{"rendered":"https:\/\/urbanistubn.wordpress.com\/?page_id=93"},"modified":"2026-01-27T20:45:26","modified_gmt":"2026-01-27T19:45:26","slug":"catering","status":"publish","type":"page","link":"http:\/\/www.urbanistubn.at\/wordpress\/catering\/","title":{"rendered":"Catering"},"content":{"rendered":"\n<p>Ob Sommer-Party im Garten daheim oder eine feierliche Agape am Trauungsort &#8211; wir bringen die Kulinarik zu Ihnen.<\/p>\n\n\n\n<p><\/p>\n\n\n\n<p><strong>Bildergalerie<\/strong><br><br>(mit Klick zum Vollbildmodus, mit &#8222;Esc&#8220; zur\u00fcck)<\/p>\n\n\n\n<figure class=\"wp-block-gallery has-nested-images columns-3 is-cropped wp-block-gallery-1 is-layout-flex\">\n<figure class=\"wp-block-image is-style-default\"><img decoding=\"async\" loading=\"lazy\" width=\"1024\" height=\"685\" data-id=\"59\"  src=\"http:\/\/www.urbanistubn.at\/wordpress\/wp-content\/uploads\/2019\/02\/dscf0601.web_-1024x685.jpg\" alt=\"\" class=\"wp-image-59\" srcset=\"http:\/\/www.urbanistubn.at\/wordpress\/wp-content\/uploads\/2019\/02\/dscf0601.web_-1024x685.jpg 1024w, http:\/\/www.urbanistubn.at\/wordpress\/wp-content\/uploads\/2019\/02\/dscf0601.web_-300x201.jpg 300w, http:\/\/www.urbanistubn.at\/wordpress\/wp-content\/uploads\/2019\/02\/dscf0601.web_-768x514.jpg 768w, http:\/\/www.urbanistubn.at\/wordpress\/wp-content\/uploads\/2019\/02\/dscf0601.web_.jpg 1490w\" sizes=\"(max-width: 1024px) 100vw, 1024px\" \/><\/figure>\n\n\n\n<figure class=\"wp-block-image is-style-default\"><img decoding=\"async\" loading=\"lazy\" width=\"1024\" height=\"685\" data-id=\"60\"  src=\"http:\/\/www.urbanistubn.at\/wordpress\/wp-content\/uploads\/2019\/02\/dscf0604.web_-1024x685.jpg\" alt=\"\" class=\"wp-image-60\" srcset=\"http:\/\/www.urbanistubn.at\/wordpress\/wp-content\/uploads\/2019\/02\/dscf0604.web_-1024x685.jpg 1024w, http:\/\/www.urbanistubn.at\/wordpress\/wp-content\/uploads\/2019\/02\/dscf0604.web_-300x201.jpg 300w, http:\/\/www.urbanistubn.at\/wordpress\/wp-content\/uploads\/2019\/02\/dscf0604.web_-768x514.jpg 768w, http:\/\/www.urbanistubn.at\/wordpress\/wp-content\/uploads\/2019\/02\/dscf0604.web_.jpg 1490w\" sizes=\"(max-width: 1024px) 100vw, 1024px\" \/><\/figure>\n\n\n\n<figure class=\"wp-block-image is-style-default\"><img decoding=\"async\" loading=\"lazy\" width=\"1024\" height=\"685\" data-id=\"58\"  src=\"http:\/\/www.urbanistubn.at\/wordpress\/wp-content\/uploads\/2019\/02\/dscf0598.web_-1024x685.jpg\" alt=\"\" class=\"wp-image-58\" srcset=\"http:\/\/www.urbanistubn.at\/wordpress\/wp-content\/uploads\/2019\/02\/dscf0598.web_-1024x685.jpg 1024w, http:\/\/www.urbanistubn.at\/wordpress\/wp-content\/uploads\/2019\/02\/dscf0598.web_-300x201.jpg 300w, http:\/\/www.urbanistubn.at\/wordpress\/wp-content\/uploads\/2019\/02\/dscf0598.web_-768x514.jpg 768w, http:\/\/www.urbanistubn.at\/wordpress\/wp-content\/uploads\/2019\/02\/dscf0598.web_.jpg 1490w\" sizes=\"(max-width: 1024px) 100vw, 1024px\" \/><\/figure>\n\n\n\n<figure class=\"wp-block-image is-style-default\"><img decoding=\"async\" loading=\"lazy\" width=\"1024\" height=\"685\" data-id=\"57\"  src=\"http:\/\/www.urbanistubn.at\/wordpress\/wp-content\/uploads\/2019\/02\/dscf0595.web_-1024x685.jpg\" alt=\"\" class=\"wp-image-57\" srcset=\"http:\/\/www.urbanistubn.at\/wordpress\/wp-content\/uploads\/2019\/02\/dscf0595.web_-1024x685.jpg 1024w, http:\/\/www.urbanistubn.at\/wordpress\/wp-content\/uploads\/2019\/02\/dscf0595.web_-300x201.jpg 300w, http:\/\/www.urbanistubn.at\/wordpress\/wp-content\/uploads\/2019\/02\/dscf0595.web_-768x514.jpg 768w, http:\/\/www.urbanistubn.at\/wordpress\/wp-content\/uploads\/2019\/02\/dscf0595.web_-1536x1028.jpg 1536w, http:\/\/www.urbanistubn.at\/wordpress\/wp-content\/uploads\/2019\/02\/dscf0595.web_-1568x1049.jpg 1568w, http:\/\/www.urbanistubn.at\/wordpress\/wp-content\/uploads\/2019\/02\/dscf0595.web_.jpg 1702w\" sizes=\"(max-width: 1024px) 100vw, 1024px\" \/><\/figure>\n<\/figure>\n\n\n\n<p>Selbstverst\u00e4ndlich k\u00f6nnen wir Speisegeschirr, Gl\u00e4ser, etc. und Getr\u00e4nke mitbringen und wieder abholen.<\/p>\n\n\n\n<p><\/p>\n\n\n\n<p><\/p>\n","protected":false},"excerpt":{"rendered":"<p>Ob Sommer-Party im Garten daheim oder eine feierliche Agape am Trauungsort &#8211; wir bringen die Kulinarik zu Ihnen. Bildergalerie (mit Klick zum Vollbildmodus, mit &#8222;Esc&#8220; zur\u00fcck) Selbstverst\u00e4ndlich k\u00f6nnen wir Speisegeschirr, Gl\u00e4ser, etc. und Getr\u00e4nke mitbringen und wieder abholen.<\/p>\n","protected":false},"author":1,"featured_media":0,"parent":0,"menu_order":0,"comment_status":"closed","ping_status":"closed","template":"","meta":[],"_links":{"self":[{"href":"http:\/\/www.urbanistubn.at\/wordpress\/wp-json\/wp\/v2\/pages\/93"}],"collection":[{"href":"http:\/\/www.urbanistubn.at\/wordpress\/wp-json\/wp\/v2\/pages"}],"about":[{"href":"http:\/\/www.urbanistubn.at\/wordpress\/wp-json\/wp\/v2\/types\/page"}],"author":[{"embeddable":true,"href":"http:\/\/www.urbanistubn.at\/wordpress\/wp-json\/wp\/v2\/users\/1"}],"replies":[{"embeddable":true,"href":"http:\/\/www.urbanistubn.at\/wordpress\/wp-json\/wp\/v2\/comments?post=93"}],"version-history":[{"count":2,"href":"http:\/\/www.urbanistubn.at\/wordpress\/wp-json\/wp\/v2\/pages\/93\/revisions"}],"predecessor-version":[{"id":983,"href":"http:\/\/www.urbanistubn.at\/wordpress\/wp-json\/wp\/v2\/pages\/93\/revisions\/983"}],"wp:attachment":[{"href":"http:\/\/www.urbanistubn.at\/wordpress\/wp-json\/wp\/v2\/media?parent=93"}],"curies":[{"name":"wp","href":"https:\/\/api.w.org\/{rel}","templated":true}]}}